{"id":759,"date":"2020-10-08T07:43:47","date_gmt":"2020-10-08T05:43:47","guid":{"rendered":"http:\/\/lab.jardindigital.com\/www.kleintierewiltz.info\/?page_id=759"},"modified":"2020-10-09T13:55:36","modified_gmt":"2020-10-09T11:55:36","slug":"impressum","status":"publish","type":"page","link":"https:\/\/lab.jardindigital.com\/www.kleintierewiltz.info\/impressum\/","title":{"rendered":"Impressum"},"content":{"rendered":"<p>[vc_row][vc_column][vc_row_inner css=&#8220;.vc_custom_1602054300831{margin-top: 50px !important;margin-bottom: 20px !important;padding-top: 0px !important;padding-bottom: 0px !important;}&#8220;][vc_column_inner width=&#8220;1\/6&#8243;][\/vc_column_inner][vc_column_inner width=&#8220;1\/3&#8243;][vc_column_text]<\/p>\n<p style=\"text-align: left;\"><strong>Verantwortlicher Herausgeber:<\/strong><\/p>\n<p>[\/vc_column_text][\/vc_column_inner][vc_column_inner width=&#8220;1\/3&#8243;][vc_column_text]Weeltzer Klengd\u00e9ierenziichter<\/p>\n<p>31A, am P\u00ebtz<br \/>\n9579 Weidingen<\/p>\n<p>Tel.: 691 959311<br \/>\nE-Mail: <a href=\"http:\/\/lab.jardindigital.com\/www.kleintierewiltz.info\/kontakt\/#0\">info@kleintierewiltz.info<\/a>[\/vc_column_text][\/vc_column_inner][vc_column_inner width=&#8220;1\/6&#8243;][\/vc_column_inner][\/vc_row_inner][vc_row_inner css=&#8220;.vc_custom_1602054300831{margin-top: 50px !important;margin-bottom: 20px !important;padding-top: 0px !important;padding-bottom: 0px !important;}&#8220;][vc_column_inner width=&#8220;1\/6&#8243;][\/vc_column_inner][vc_column_inner width=&#8220;1\/3&#8243;][vc_column_text]<\/p>\n<p style=\"text-align: left;\"><strong>Rechtlicher Hinweis:<\/strong><\/p>\n<p>[\/vc_column_text][\/vc_column_inner][vc_column_inner width=&#8220;1\/3&#8243;][vc_column_text]<\/p>\n<p style=\"text-align: justify;\">Die Informationen auf dieser Website wurden mit gr\u00f6\u00dftm\u00f6glicher Sorgfalt zusammengestellt. Sie werden st\u00e4ndig gepr\u00fcft und aktualisiert. F\u00fcr die Korrektheit, Aktualit\u00e4t und Vollst\u00e4ndigkeit der enthaltenen Informationen kann dennoch keine Haftung oder Garantie \u00fcbernommen werden. Jegliche Haftung f\u00fcr Sch\u00e4den, die direkt oder indirekt aus Benutzung dieser Website entstehen, wird ausgeschlossen, sofern diese nicht auf Vorsatz oder grober Fahrl\u00e4ssigkeit beruhen. Sofern von dieser Website per Hyperlink auf andere Internetseiten verwiesen wird, die von Dritten betrieben werden, \u00fcbernimmt die Weeltzer Klengd\u00e9ierenziichter keine Verantwortung f\u00fcr die Inhalte.<\/p>\n<p style=\"text-align: justify;\">Die Weeltzer Klengd\u00e9ierenziichter beh\u00e4lt sich das Recht vor, jederzeit \u00c4nderungen und Erg\u00e4nzungen der bereitgestellten Informationen vorzunehmen.<\/p>\n<p style=\"text-align: justify;\">Alle Rechte vorbehalten. Texte und Bilder sowie deren Anordnung auf der Weeltzer Klengd\u00e9ierenziichter \u2013 Website unterliegen dem Schutz des Urheberrechts und anderen Schutzgesetzen.Der Inhalt dieser Website darf nicht zu kommerziellen Zwecken kopiert, verbreitet, ver\u00e4ndert oder Dritten zug\u00e4nglich gemacht werden.<\/p>\n<p style=\"text-align: justify;\">Wiltz, Oktober 2020<\/p>\n<p>[\/vc_column_text][\/vc_column_inner][vc_column_inner width=&#8220;1\/6&#8243;][\/vc_column_inner][\/vc_row_inner][\/vc_column][\/vc_row]<\/p>\n","protected":false},"excerpt":{"rendered":"<p>[vc_row][vc_column][vc_row_inner css=&#8220;.vc_custom_1602054300831{margin-top: 50px !important;margin-bottom: 20px !important;padding-top: 0px !important;padding-bottom: 0px !important;}&#8220;][vc_column_inner width=&#8220;1\/6&#8243;][\/vc_column_inner][vc_column_inner width=&#8220;1\/3&#8243;][vc_column_text] Verantwortlicher Herausgeber: [\/vc_column_text][\/vc_column_inner][vc_column_inner width=&#8220;1\/3&#8243;][vc_column_text]Weeltzer Klengd\u00e9ierenziichter 31A, am P\u00ebtz 9579 Weidingen Tel.: 691 959311 E-Mail: info@kleintierewiltz.info[\/vc_column_text][\/vc_column_inner][vc_column_inner width=&#8220;1\/6&#8243;][\/vc_column_inner][\/vc_row_inner][vc_row_inner css=&#8220;.vc_custom_1602054300831{margin-top: 50px !important;margin-bottom: 20px !important;padding-top: 0px !important;padding-bottom: 0px !important;}&#8220;][vc_column_inner width=&#8220;1\/6&#8243;][\/vc_column_inner][vc_column_inner width=&#8220;1\/3&#8243;][vc_column_text] Rechtlicher Hinweis: [\/vc_column_text][\/vc_column_inner][vc_column_inner width=&#8220;1\/3&#8243;][vc_column_text] Die Informationen auf dieser Website wurden mit gr\u00f6\u00dftm\u00f6glicher Sorgfalt zusammengestellt. Sie werden [&hellip;]<\/p>\n","protected":false},"author":1,"featured_media":0,"parent":0,"menu_order":0,"comment_status":"closed","ping_status":"closed","template":"custom-page.php","meta":{"ngg_post_thumbnail":0},"_links":{"self":[{"href":"https:\/\/lab.jardindigital.com\/www.kleintierewiltz.info\/wp-json\/wp\/v2\/pages\/759"}],"collection":[{"href":"https:\/\/lab.jardindigital.com\/www.kleintierewiltz.info\/wp-json\/wp\/v2\/pages"}],"about":[{"href":"https:\/\/lab.jardindigital.com\/www.kleintierewiltz.info\/wp-json\/wp\/v2\/types\/page"}],"author":[{"embeddable":true,"href":"https:\/\/lab.jardindigital.com\/www.kleintierewiltz.info\/wp-json\/wp\/v2\/users\/1"}],"replies":[{"embeddable":true,"href":"https:\/\/lab.jardindigital.com\/www.kleintierewiltz.info\/wp-json\/wp\/v2\/comments?post=759"}],"version-history":[{"count":3,"href":"https:\/\/lab.jardindigital.com\/www.kleintierewiltz.info\/wp-json\/wp\/v2\/pages\/759\/revisions"}],"predecessor-version":[{"id":966,"href":"https:\/\/lab.jardindigital.com\/www.kleintierewiltz.info\/wp-json\/wp\/v2\/pages\/759\/revisions\/966"}],"wp:attachment":[{"href":"https:\/\/lab.jardindigital.com\/www.kleintierewiltz.info\/wp-json\/wp\/v2\/media?parent=759"}],"curies":[{"name":"wp","href":"https:\/\/api.w.org\/{rel}","templated":true}]}}