{"id":714,"date":"2020-10-07T11:20:15","date_gmt":"2020-10-07T09:20:15","guid":{"rendered":"http:\/\/lab.jardindigital.com\/www.kleintierewiltz.info\/?page_id=714"},"modified":"2020-10-08T07:09:14","modified_gmt":"2020-10-08T05:09:14","slug":"kaninchenzuechter","status":"publish","type":"page","link":"https:\/\/lab.jardindigital.com\/www.kleintierewiltz.info\/kaninchenzuechter\/","title":{"rendered":"Kaninchenz\u00fcchter"},"content":{"rendered":"<p>[vc_row 0=&#8220;&#8220;][vc_column 0=&#8220;&#8220;][vc_row_inner css=&#8220;.vc_custom_1602057742006{margin-top: 50px !important;margin-bottom: 0px !important;padding-top: 0px !important;padding-bottom: 0px !important;}&#8220;][vc_column_inner width=&#8220;1\/6&#8243;][\/vc_column_inner][vc_column_inner width=&#8220;1\/3&#8243;][vc_column_text]<strong>Perlfeh<\/strong><br \/>\nBrachmond Marcel<br \/>\nHaaptstrooss 22a<br \/>\nL-9376 Hoscheid<br \/>\nT\u00e9l. 691994075<\/p>\n<p><strong>Wiener schwarz<\/strong><br \/>\n<strong>Wiener blau<\/strong><br \/>\nBock Roland<br \/>\nUm Knupp 24<br \/>\nL-9976 Sassel<br \/>\nT\u00e9l.621142141<\/p>\n<p><strong>Japaner<\/strong><br \/>\n<strong>Helle Grossilber<\/strong><br \/>\nFischbach Fernand<br \/>\n8, Um Buren<br \/>\nL-9674 Nocher<br \/>\nT\u00e9l: 26950604<\/p>\n<p><strong>Schwarzgrannen<\/strong><br \/>\n<strong>Kleinchinchilla<\/strong><br \/>\nBissen Lucien<br \/>\nDuerfstroos 9<br \/>\nL-9674 Nocher<br \/>\nt\u00e9l: 95 81 15<\/p>\n<p><strong>Castor-Rex<\/strong><br \/>\nSchmitz-Hendriks Theo<br \/>\n49, rue de la chapelle<br \/>\nL-9513 Wiltz<br \/>\nT\u00e9l: 661818211<\/p>\n<p><strong>Kleinrex castorfarbig<\/strong><br \/>\nSchmitz Lou<br \/>\n49, rue de la chapelle<br \/>\nL-9513 Wiltz<br \/>\nT\u00e9l: 661818211<\/p>\n<p><strong>Farbenzwerge grau<\/strong><br \/>\nSchanck Dana<br \/>\n32, Eesberwee<br \/>\nL-9809 Hosingen<br \/>\nT\u00e9l:92 05 93<\/p>\n<p><strong>Kastanienfarbige Lothringer<\/strong><br \/>\nZGM Schenk Sue &amp; Mats<br \/>\n32, Eesberwee<br \/>\nL-9809 Hosingen<br \/>\nT\u00e9l:92 05 93<\/p>\n<p><strong>Rex blau<\/strong><br \/>\nSchickes-Anton Michaela<br \/>\nHauptstrooss 35<br \/>\nL-9742 Boxhorn<br \/>\nT\u00e9l: 97 92 73<\/p>\n<p><strong>Rex Rh\u00f6n<\/strong><br \/>\nSchickes Raymond<br \/>\nHauptstrooss 35<br \/>\nL-9742 Boxhorn<br \/>\nTel. 97 92 73[\/vc_column_text][\/vc_column_inner][vc_column_inner width=&#8220;1\/3&#8243;][vc_column_text]<strong>KleinRex K\u00f6nigsmantelschecken<\/strong><br \/>\nSchickes-Dahm Beby<br \/>\nHauptstrooss 35<br \/>\nL-9742 Boxhorn<br \/>\nT\u00e9l: 97 92 73<\/p>\n<p><strong>Rex schwarz<\/strong><br \/>\nSchickes Roger<br \/>\nHauptstrooss 35<br \/>\nL-9742 Boxhorn<br \/>\nT\u00e9l: 97 92 73<\/p>\n<p><strong>Rex Castor<\/strong><br \/>\nSchickes Philipe<br \/>\nHauptstrooss 37<br \/>\nL-9742 Boxhorn<br \/>\nT\u00e9l: 97 92 73<\/p>\n<p><strong>Rex weiss RA<\/strong><br \/>\nSchickes Emily<br \/>\nHauptstrooss 37<br \/>\nL-9742 Boxhorn<br \/>\nT\u00e9l: 97 92 73<\/p>\n<p><strong>Weissgrannen schwarz &amp; braun<\/strong><br \/>\nSchreitmueller Carlo<br \/>\n6, am Duerf<br \/>\nL-9841 Wahlhausen<br \/>\nT\u00e9l. 691 173994<\/p>\n<p><strong>Weissgrannen blau<\/strong><br \/>\nSchreitmueller Sebastien<br \/>\n6, am Duerf<br \/>\nL-9841 Wahlhausen<br \/>\nT\u00e9l. 691 173994<\/p>\n<p><strong>Zwergrex castorfarbig<\/strong><br \/>\nSchmitz Th\u00e9o<br \/>\n49, rue de la chapelle<br \/>\nL-9513 Wiltz<br \/>\nT\u00e9l: 661818211<\/p>\n<p><strong>Wiener blau<\/strong><br \/>\nDr.Gengler Fran\u00e7ois<br \/>\nan der Gaass 34<br \/>\nL-9660 Insenborn<br \/>\nT\u00e9l.621 353797<\/p>\n<p><strong>Zwergwidder siam<\/strong><br \/>\nSchleich Marc<br \/>\n2B, rue Principale<br \/>\nL-9375 Gralingen<br \/>\nT\u00e9l: 621 409 329<\/p>\n<p><strong>Wiener weiss<\/strong><br \/>\nZG Groeber-Wolff<br \/>\nAm B\u00e9icherich 57<br \/>\nL-9742 Boxhorn[\/vc_column_text][\/vc_column_inner][vc_column_inner width=&#8220;1\/6&#8243;][\/vc_column_inner][\/vc_row_inner][\/vc_column][\/vc_row]<\/p>\n","protected":false},"excerpt":{"rendered":"<p>[vc_row 0=&#8220;&#8220;][vc_column 0=&#8220;&#8220;][vc_row_inner css=&#8220;.vc_custom_1602057742006{margin-top: 50px !important;margin-bottom: 0px !important;padding-top: 0px !important;padding-bottom: 0px !important;}&#8220;][vc_column_inner width=&#8220;1\/6&#8243;][\/vc_column_inner][vc_column_inner width=&#8220;1\/3&#8243;][vc_column_text]Perlfeh Brachmond Marcel Haaptstrooss 22a L-9376 Hoscheid T\u00e9l. 691994075 Wiener schwarz Wiener blau Bock Roland Um Knupp 24 L-9976 Sassel T\u00e9l.621142141 Japaner Helle Grossilber Fischbach Fernand 8, Um Buren L-9674 Nocher T\u00e9l: 26950604 Schwarzgrannen Kleinchinchilla Bissen Lucien Duerfstroos 9 L-9674 Nocher t\u00e9l: [&hellip;]<\/p>\n","protected":false},"author":1,"featured_media":0,"parent":0,"menu_order":0,"comment_status":"closed","ping_status":"closed","template":"custom-page.php","meta":{"ngg_post_thumbnail":0},"_links":{"self":[{"href":"https:\/\/lab.jardindigital.com\/www.kleintierewiltz.info\/wp-json\/wp\/v2\/pages\/714"}],"collection":[{"href":"https:\/\/lab.jardindigital.com\/www.kleintierewiltz.info\/wp-json\/wp\/v2\/pages"}],"about":[{"href":"https:\/\/lab.jardindigital.com\/www.kleintierewiltz.info\/wp-json\/wp\/v2\/types\/page"}],"author":[{"embeddable":true,"href":"https:\/\/lab.jardindigital.com\/www.kleintierewiltz.info\/wp-json\/wp\/v2\/users\/1"}],"replies":[{"embeddable":true,"href":"https:\/\/lab.jardindigital.com\/www.kleintierewiltz.info\/wp-json\/wp\/v2\/comments?post=714"}],"version-history":[{"count":3,"href":"https:\/\/lab.jardindigital.com\/www.kleintierewiltz.info\/wp-json\/wp\/v2\/pages\/714\/revisions"}],"predecessor-version":[{"id":743,"href":"https:\/\/lab.jardindigital.com\/www.kleintierewiltz.info\/wp-json\/wp\/v2\/pages\/714\/revisions\/743"}],"wp:attachment":[{"href":"https:\/\/lab.jardindigital.com\/www.kleintierewiltz.info\/wp-json\/wp\/v2\/media?parent=714"}],"curies":[{"name":"wp","href":"https:\/\/api.w.org\/{rel}","templated":true}]}}